{"id":1455,"date":"2021-04-25T15:58:27","date_gmt":"2021-04-25T13:58:27","guid":{"rendered":"https:\/\/noborder.fr\/?page_id=1455"},"modified":"2022-07-24T15:22:48","modified_gmt":"2022-07-24T13:22:48","slug":"contact","status":"publish","type":"page","link":"https:\/\/noborder.fr\/?page_id=1455","title":{"rendered":"Contact"},"content":{"rendered":"<div class=\"wpforms-container wpforms-container-full\" id=\"wpforms-1457\"><form id=\"wpforms-form-1457\" class=\"wpforms-validate wpforms-form\" data-formid=\"1457\" method=\"post\" enctype=\"multipart\/form-data\" action=\"\/index.php?rest_route=%2Fwp%2Fv2%2Fpages%2F1455\" data-token=\"a44e1ed05da58e3f70ed6177fdf047b4\" data-token-time=\"1777660755\"><noscript class=\"wpforms-error-noscript\">Veuillez activer JavaScript dans votre navigateur pour remplir ce formulaire.<\/noscript><div class=\"wpforms-field-container\"><div id=\"wpforms-1457-field_0-container\" class=\"wpforms-field wpforms-field-name\" data-field-id=\"0\"><label class=\"wpforms-field-label\">Nom <span class=\"wpforms-required-label\">*<\/span><\/label><div class=\"wpforms-field-row wpforms-field-medium\"><div class=\"wpforms-field-row-block wpforms-first wpforms-one-half\"><input type=\"text\" id=\"wpforms-1457-field_0\" class=\"wpforms-field-name-first wpforms-field-required\" name=\"wpforms[fields][0][first]\" required><label for=\"wpforms-1457-field_0\" class=\"wpforms-field-sublabel after\">Pr\u00e9nom<\/label><\/div><div class=\"wpforms-field-row-block wpforms-one-half\"><input type=\"text\" id=\"wpforms-1457-field_0-last\" class=\"wpforms-field-name-last wpforms-field-required\" name=\"wpforms[fields][0][last]\" required><label for=\"wpforms-1457-field_0-last\" class=\"wpforms-field-sublabel after\">Nom<\/label><\/div><\/div><\/div><div id=\"wpforms-1457-field_1-container\" class=\"wpforms-field wpforms-field-email\" data-field-id=\"1\"><label class=\"wpforms-field-label\" for=\"wpforms-1457-field_1\">E-mail <span class=\"wpforms-required-label\">*<\/span><\/label><input type=\"email\" id=\"wpforms-1457-field_1\" class=\"wpforms-field-medium wpforms-field-required\" name=\"wpforms[fields][1]\" spellcheck=\"false\" required><\/div><div id=\"wpforms-1457-field_2-container\" class=\"wpforms-field wpforms-field-textarea\" data-field-id=\"2\"><label class=\"wpforms-field-label\" for=\"wpforms-1457-field_2\">Commentaire ou message <span class=\"wpforms-required-label\">*<\/span><\/label><textarea id=\"wpforms-1457-field_2\" class=\"wpforms-field-medium wpforms-field-required\" name=\"wpforms[fields][2]\" required><\/textarea><\/div><\/div><!-- .wpforms-field-container --><div class=\"wpforms-submit-container\" ><input type=\"hidden\" name=\"wpforms[id]\" value=\"1457\"><input type=\"hidden\" name=\"page_title\" value=\"\"><input type=\"hidden\" name=\"page_url\" value=\"https:\/\/noborder.fr\/index.php?rest_route=\/wp\/v2\/pages\/1455\"><input type=\"hidden\" name=\"url_referer\" value=\"\">\n\t\t<div class=\"la-sentinelle-container\" style=\"max-height:0;overflow:hidden;\" hidden=\"true\" aria-hidden=\"true\">\n\t\t\n\t\t<input value=\"\" type=\"text\" name=\"la_sentinelle_84b98e4c7bbc2ef68c2558ac4dbda1c8\" class=\"la_sentinelle_84b98e4c7bbc2ef68c2558ac4dbda1c8\" id=\"la_sentinelle_84b98e4c7bbc2ef68c2558ac4dbda1c8-1\" placeholder=\"\" style=\"transform: translateY(10000px);\" \/>\n\t\t\n\t\t<input value=\"71\" type=\"text\" name=\"la_sentinelle_7da923cc83787ed5906426bc458accef\" class=\"la_sentinelle_7da923cc83787ed5906426bc458accef\" id=\"la_sentinelle_7da923cc83787ed5906426bc458accef-1\" placeholder=\"\" style=\"transform: translateY(10000px);\" \/>\n\t\t<input type=\"text\" class=\"la_sentinelle_37b559f3938e4ede7491a454e20d54fd\" id=\"la_sentinelle_37b559f3938e4ede7491a454e20d54fd-1\" name=\"la_sentinelle_37b559f3938e4ede7491a454e20d54fd\" value=\"634cacdc9a\" style=\"transform: translateY(10000px);\" \/>\n\t\t\n\t\t<input value=\"71\" type=\"text\" name=\"la_sentinelle_c16b02437bc766283d7bb7b44e6665a6\" class=\"la_sentinelle_c16b02437bc766283d7bb7b44e6665a6\" id=\"la_sentinelle_c16b02437bc766283d7bb7b44e6665a6-1\" placeholder=\"\" style=\"transform: translateY(10000px);\" \/>\n\t\t<input value=\"MjE2LjczLjIxNy4xNA==\" type=\"text\" name=\"la_sentinelle_e0d57413be42b30f90c405076a0975c8\" class=\"la_sentinelle_e0d57413be42b30f90c405076a0975c8\" id=\"la_sentinelle_e0d57413be42b30f90c405076a0975c8-1\" placeholder=\"\" style=\"transform: translateY(10000px);\" \/>\n\t\n\t\t<input value=\"71\" type=\"text\" name=\"la_sentinelle_cb8eddb4537ab0150929d74bf7a95650\" class=\"la_sentinelle_cb8eddb4537ab0150929d74bf7a95650\" id=\"la_sentinelle_cb8eddb4537ab0150929d74bf7a95650-1\" placeholder=\"\" style=\"transform: translateY(10000px);\" \/>\n\t\t<input value=\"\" type=\"text\" name=\"la_sentinelle_e360de5346ce798a10067c777d59e4cd\" class=\"la_sentinelle_e360de5346ce798a10067c777d59e4cd\" id=\"la_sentinelle_e360de5346ce798a10067c777d59e4cd-1\" placeholder=\"\" style=\"transform: translateY(10000px);\" \/>\n\t\t<input value=\"MjE2LjczLjIxNy4xNA==\" type=\"text\" name=\"la_sentinelle_555d57eb307a02ce8a8bec87fef7136f\" class=\"la_sentinelle_555d57eb307a02ce8a8bec87fef7136f\" id=\"la_sentinelle_555d57eb307a02ce8a8bec87fef7136f-1\" placeholder=\"\" style=\"transform: translateY(10000px);\" \/>\n\t\n\t\t\t<input value=\"75260\" type=\"text\" name=\"la_sentinelle_c07a3242bdcba1bf78e5b7431643eb42\" class=\"la_sentinelle_c07a3242bdcba1bf78e5b7431643eb42\" id=\"la_sentinelle_c07a3242bdcba1bf78e5b7431643eb42-1\" placeholder=\"\" style=\"transform: translateY(10000px);\" \/>\n\t\t\t<input value=\"75260\" type=\"text\" name=\"la_sentinelle_7f4ca1523491b160a2d545e97d4b5145\" class=\"la_sentinelle_7f4ca1523491b160a2d545e97d4b5145\" id=\"la_sentinelle_7f4ca1523491b160a2d545e97d4b5145-1\" placeholder=\"\" style=\"transform: translateY(10000px);\" \/>\n\t\t\t\n\t\t<\/div>\n\t\t<div class=\"la-sentinelle-container-nojs-message\">\n\t\t\t<noscript><div class=\"no-js\">Avertissement\u00a0: ce formulaire peut uniquement \u00eatre utilis\u00e9 si JavaScript est activ\u00e9 dans votre navigateur.<\/div><\/noscript>\n\t\t<\/div>\n\t\t<button type=\"submit\" name=\"wpforms[submit]\" id=\"wpforms-submit-1457\" class=\"wpforms-submit\" data-alt-text=\"Envoi...\" data-submit-text=\"Envoyer\" aria-live=\"assertive\" value=\"wpforms-submit\">Envoyer<\/button><\/div><\/form><\/div>  <!-- .wpforms-container -->\n","protected":false},"excerpt":{"rendered":"","protected":false},"author":4,"featured_media":0,"parent":0,"menu_order":0,"comment_status":"closed","ping_status":"closed","template":"","meta":{"ocean_post_layout":"","ocean_both_sidebars_style":"","ocean_both_sidebars_content_width":0,"ocean_both_sidebars_sidebars_width":0,"ocean_sidebar":"0","ocean_second_sidebar":"0","ocean_disable_margins":"enable","ocean_add_body_class":"","ocean_shortcode_before_top_bar":"","ocean_shortcode_after_top_bar":"","ocean_shortcode_before_header":"","ocean_shortcode_after_header":"","ocean_has_shortcode":"","ocean_shortcode_after_title":"","ocean_shortcode_before_footer_widgets":"","ocean_shortcode_after_footer_widgets":"","ocean_shortcode_before_footer_bottom":"","ocean_shortcode_after_footer_bottom":"","ocean_display_top_bar":"default","ocean_display_header":"default","ocean_header_style":"","ocean_center_header_left_menu":"0","ocean_custom_header_template":"0","ocean_custom_logo":0,"ocean_custom_retina_logo":0,"ocean_custom_logo_max_width":0,"ocean_custom_logo_tablet_max_width":0,"ocean_custom_logo_mobile_max_width":0,"ocean_custom_logo_max_height":0,"ocean_custom_logo_tablet_max_height":0,"ocean_custom_logo_mobile_max_height":0,"ocean_header_custom_menu":"0","ocean_menu_typo_font_family":"0","ocean_menu_typo_font_subset":"","ocean_menu_typo_font_size":0,"ocean_menu_typo_font_size_tablet":0,"ocean_menu_typo_font_size_mobile":0,"ocean_menu_typo_font_size_unit":"px","ocean_menu_typo_font_weight":"","ocean_menu_typo_font_weight_tablet":"","ocean_menu_typo_font_weight_mobile":"","ocean_menu_typo_transform":"","ocean_menu_typo_transform_tablet":"","ocean_menu_typo_transform_mobile":"","ocean_menu_typo_line_height":0,"ocean_menu_typo_line_height_tablet":0,"ocean_menu_typo_line_height_mobile":0,"ocean_menu_typo_line_height_unit":"","ocean_menu_typo_spacing":0,"ocean_menu_typo_spacing_tablet":0,"ocean_menu_typo_spacing_mobile":0,"ocean_menu_typo_spacing_unit":"","ocean_menu_link_color":"","ocean_menu_link_color_hover":"","ocean_menu_link_color_active":"","ocean_menu_link_background":"","ocean_menu_link_hover_background":"","ocean_menu_link_active_background":"","ocean_menu_social_links_bg":"","ocean_menu_social_hover_links_bg":"","ocean_menu_social_links_color":"","ocean_menu_social_hover_links_color":"","ocean_disable_title":"default","ocean_disable_heading":"default","ocean_post_title":"","ocean_post_subheading":"","ocean_post_title_style":"","ocean_post_title_background_color":"","ocean_post_title_background":0,"ocean_post_title_bg_image_position":"","ocean_post_title_bg_image_attachment":"","ocean_post_title_bg_image_repeat":"","ocean_post_title_bg_image_size":"","ocean_post_title_height":0,"ocean_post_title_bg_overlay":0.5,"ocean_post_title_bg_overlay_color":"","ocean_disable_breadcrumbs":"default","ocean_breadcrumbs_color":"","ocean_breadcrumbs_separator_color":"","ocean_breadcrumbs_links_color":"","ocean_breadcrumbs_links_hover_color":"","ocean_display_footer_widgets":"default","ocean_display_footer_bottom":"default","ocean_custom_footer_template":"0","footnotes":""},"class_list":["post-1455","page","type-page","status-publish","hentry","entry"],"jetpack_sharing_enabled":true,"_links":{"self":[{"href":"https:\/\/noborder.fr\/index.php?rest_route=\/wp\/v2\/pages\/1455","targetHints":{"allow":["GET"]}}],"collection":[{"href":"https:\/\/noborder.fr\/index.php?rest_route=\/wp\/v2\/pages"}],"about":[{"href":"https:\/\/noborder.fr\/index.php?rest_route=\/wp\/v2\/types\/page"}],"author":[{"embeddable":true,"href":"https:\/\/noborder.fr\/index.php?rest_route=\/wp\/v2\/users\/4"}],"replies":[{"embeddable":true,"href":"https:\/\/noborder.fr\/index.php?rest_route=%2Fwp%2Fv2%2Fcomments&post=1455"}],"version-history":[{"count":11,"href":"https:\/\/noborder.fr\/index.php?rest_route=\/wp\/v2\/pages\/1455\/revisions"}],"predecessor-version":[{"id":1677,"href":"https:\/\/noborder.fr\/index.php?rest_route=\/wp\/v2\/pages\/1455\/revisions\/1677"}],"wp:attachment":[{"href":"https:\/\/noborder.fr\/index.php?rest_route=%2Fwp%2Fv2%2Fmedia&parent=1455"}],"curies":[{"name":"wp","href":"https:\/\/api.w.org\/{rel}","templated":true}]}}